{"id":16,"date":"2026-04-17T19:29:44","date_gmt":"2026-04-17T19:29:44","guid":{"rendered":"https:\/\/varityskuvat.fi\/?page_id=16"},"modified":"2026-04-17T19:44:38","modified_gmt":"2026-04-17T19:44:38","slug":"home","status":"publish","type":"page","link":"https:\/\/varityskuvat.fi\/","title":{"rendered":"V\u00e4rityskuvat"},"content":{"rendered":"\n<div class=\"wp-block-group is-layout-constrained wp-block-group-is-layout-constrained\">\n<div class=\"wp-block-group has-ast-global-color-6-background-color has-background is-layout-constrained wp-container-core-group-is-layout-07d6381d wp-block-group-is-layout-constrained\" style=\"border-radius:18px;margin-bottom:30px;padding-top:50px;padding-right:24px;padding-bottom:50px;padding-left:24px\">\n<h1 class=\"wp-block-heading has-text-align-center\" style=\"font-size:42px;line-height:1.2\">Ilmaiset v\u00e4rityskuvat tulostettavaksi<\/h1>\n\n\n\n<p class=\"has-text-align-center\" style=\"font-size:19px;line-height:1.6\">Tervetuloa varityskuvat.fi-sivustolle. T\u00e4\u00e4lt\u00e4 l\u00f6yd\u00e4t ilmaisia v\u00e4rityskuvia lapsille ja aikuisille. Voit selata eri aiheita, avata kuvat ja tulostaa ne helposti kotona.<\/p>\n\n\n\n<div class=\"wp-block-buttons is-content-justification-center is-layout-flex wp-container-core-buttons-is-layout-a89b3969 wp-block-buttons-is-layout-flex\">\n<div class=\"wp-block-button\"><a class=\"wp-block-button__link has-ast-global-color-5-color has-ast-global-color-0-background-color has-text-color has-background wp-element-button\" href=\"#suositut\" style=\"border-radius:999px;padding-top:14px;padding-right:24px;padding-bottom:14px;padding-left:24px\">Selaa suosittuja aiheita<\/a><\/div>\n\n\n\n<div class=\"wp-block-button is-style-outline is-style-outline--1\"><a class=\"wp-block-button__link wp-element-button\" href=\"#uudet\" style=\"border-radius:999px;padding-top:14px;padding-right:24px;padding-bottom:14px;padding-left:24px\">Katso uusimmat v\u00e4rityskuvat<\/a><\/div>\n<\/div>\n<\/div>\n\n\n\n<h2 class=\"wp-block-heading has-text-align-center\" id=\"suositut\" style=\"margin-bottom:25px;font-size:32px\">Suositut aiheet<\/h2>\n\n\n\n<div class=\"wp-block-columns is-layout-flex wp-container-core-columns-is-layout-3461ecdf wp-block-columns-is-layout-flex\" style=\"margin-bottom:40px\">\n<div class=\"wp-block-column is-layout-flow wp-block-column-is-layout-flow\">\n<div class=\"wp-block-group has-border-color has-ast-global-color-7-border-color is-layout-constrained wp-container-core-group-is-layout-0fbd625e wp-block-group-is-layout-constrained\" style=\"border-width:1px;border-radius:16px;padding-top:28px;padding-right:22px;padding-bottom:28px;padding-left:22px\">\n<h3 class=\"wp-block-heading has-text-align-center\" style=\"font-size:24px\">El\u00e4imet<\/h3>\n\n\n\n<p class=\"has-text-align-center\">Suloisia ja hauskoja el\u00e4inaiheisia v\u00e4rityskuvia koirista, kissoista, hevosista, linnuista ja monista muista el\u00e4imist\u00e4.<\/p>\n\n\n\n<div class=\"wp-block-buttons is-content-justification-center is-layout-flex wp-container-core-buttons-is-layout-a89b3969 wp-block-buttons-is-layout-flex\">\n<div class=\"wp-block-button is-style-outline is-style-outline--2\"><a class=\"wp-block-button__link wp-element-button\" href=\"\/elaimet\/\" style=\"border-radius:999px\">Avaa el\u00e4imet<\/a><\/div>\n<\/div>\n<\/div>\n<\/div>\n\n\n\n<div class=\"wp-block-column is-layout-flow wp-block-column-is-layout-flow\">\n<div class=\"wp-block-group has-border-color has-ast-global-color-7-border-color is-layout-constrained wp-container-core-group-is-layout-0fbd625e wp-block-group-is-layout-constrained\" style=\"border-width:1px;border-radius:16px;padding-top:28px;padding-right:22px;padding-bottom:28px;padding-left:22px\">\n<h3 class=\"wp-block-heading has-text-align-center\" style=\"font-size:24px\">Ajoneuvot<\/h3>\n\n\n\n<p class=\"has-text-align-center\">Autoja, traktoreita, rekkoja, moottoripy\u00f6ri\u00e4, junia ja muita vauhdikkaita ajoneuvoaiheita tulostettavaksi.<\/p>\n\n\n\n<div class=\"wp-block-buttons is-content-justification-center is-layout-flex wp-container-core-buttons-is-layout-a89b3969 wp-block-buttons-is-layout-flex\">\n<div class=\"wp-block-button is-style_outline is-style-outline--3\"><a class=\"wp-block-button__link wp-element-button\" href=\"\/ajoneuvot\/\" style=\"border-radius:999px\">Avaa ajoneuvot<\/a><\/div>\n<\/div>\n<\/div>\n<\/div>\n\n\n\n<div class=\"wp-block-column is-layout-flow wp-block-column-is-layout-flow\">\n<div class=\"wp-block-group has-border-color has-ast-global-color-7-border-color is-layout-constrained wp-container-core-group-is-layout-0fbd625e wp-block-group-is-layout-constrained\" style=\"border-width:1px;border-radius:16px;padding-top:28px;padding-right:22px;padding-bottom:28px;padding-left:22px\">\n<h3 class=\"wp-block-heading has-text-align-center\" style=\"font-size:24px\">Juhlat ja vuodenajat<\/h3>\n\n\n\n<p class=\"has-text-align-center\">Joulu, p\u00e4\u00e4si\u00e4inen, halloween, kes\u00e4, talvi ja muut vuoden juhlat ja sesongit v\u00e4rityskuvina.<\/p>\n\n\n\n<div class=\"wp-block-buttons is-content-justification-center is-layout-flex wp-container-core-buttons-is-layout-a89b3969 wp-block-buttons-is-layout-flex\">\n<div class=\"wp-block-button is-style-outline is-style-outline--4\"><a class=\"wp-block-button__link wp-element-button\" href=\"\/juhlat-ja-vuodenajat\/\" style=\"border-radius:999px\">Avaa juhlat<\/a><\/div>\n<\/div>\n<\/div>\n<\/div>\n<\/div>\n\n\n\n<div class=\"wp-block-group has-ast-global-color-6-background-color has-background is-layout-constrained wp-container-core-group-is-layout-53a82558 wp-block-group-is-layout-constrained\" id=\"uudet\" style=\"border-radius:18px;margin-bottom:30px;padding-top:36px;padding-right:24px;padding-bottom:36px;padding-left:24px\">\n<h2 class=\"wp-block-heading has-text-align-center\" style=\"font-size:30px\">Miksi k\u00e4ytt\u00e4\u00e4 varityskuvat.fi-sivua?<\/h2>\n\n\n\n<ul class=\"is-style-checkmark-list wp-block-list\"><li>Ilmaiset v\u00e4rityskuvat tulostettavaksi<\/li><li>Helppo k\u00e4ytt\u00e4\u00e4 puhelimella, tabletilla ja tietokoneella<\/li><li>Paljon eri aiheita lapsille ja aikuisille<\/li><li>Uusia v\u00e4rityskuvia lis\u00e4t\u00e4\u00e4n s\u00e4\u00e4nn\u00f6llisesti<\/li><\/ul>\n<\/div>\n\n\n\n<h2 class=\"wp-block-heading has-text-align-center\" style=\"margin-bottom:20px;font-size:30px\">Tulosta ja v\u00e4rit\u00e4 helposti<\/h2>\n\n\n\n<p class=\"has-text-align-center\" style=\"margin-bottom:18px;font-size:18px;line-height:1.7\">Voit avata haluamasi v\u00e4rityskuvan, tallentaa sen tai tulostaa sen suoraan. Sivusto sopii hyvin kotiin, p\u00e4iv\u00e4kotiin, kouluun ja kaikkeen rentoon yhdess\u00e4 tekemiseen.<\/p>\n\n\n\n<p class=\"has-text-align-center\" style=\"font-size:18px;line-height:1.7\">Selaa eri kategorioita ja l\u00f6yd\u00e4 juuri sinulle sopivat v\u00e4rityskuvat nopeasti ja helposti.<\/p>\n<\/div>\n","protected":false},"excerpt":{"rendered":"<p>Ilmaiset v\u00e4rityskuvat tulostettavaksi Tervetuloa varityskuvat.fi-sivustolle. T\u00e4\u00e4lt\u00e4 l\u00f6yd\u00e4t ilmaisia v\u00e4rityskuvia lapsille ja aikuisille. Voit selata eri aiheita, avata kuvat ja tulostaa [&hellip;]<\/p>\n","protected":false},"author":1,"featured_media":0,"parent":0,"menu_order":0,"comment_status":"closed","ping_status":"closed","template":"","meta":{"site-sidebar-layout":"no-sidebar","site-content-layout":"plain-container","ast-site-content-layout":"default","site-content-style":"default","site-sidebar-style":"default","ast-global-header-display":"","ast-banner-title-visibility":"","ast-main-header-display":"","ast-hfb-above-header-display":"","ast-hfb-below-header-display":"","ast-hfb-mobile-header-display":"","site-post-title":"disabled","ast-breadcrumbs-content":"","ast-featured-img":"","footer-sml-layout":"","ast-disable-related-posts":"","theme-transparent-header-meta":"enabled","adv-header-id-meta":"","stick-header-meta":"","header-above-stick-meta":"","header-main-stick-meta":"","header-below-stick-meta":"","astra-migrate-meta-layouts":"default","ast-page-background-enabled":"default","ast-page-background-meta":{"desktop":{"background-color":"var(--ast-global-color-5)","background-image":"","background-repeat":"repeat","background-position":"center center","background-size":"auto","background-attachment":"scroll","background-type":"","background-media":"","overlay-type":"","overlay-color":"","overlay-opacity":"","overlay-gradient":""},"tablet":{"background-color":"","background-image":"","background-repeat":"repeat","background-position":"center center","background-size":"auto","background-attachment":"scroll","background-type":"","background-media":"","overlay-type":"","overlay-color":"","overlay-opacity":"","overlay-gradient":""},"mobile":{"background-color":"","background-image":"","background-repeat":"repeat","background-position":"center center","background-size":"auto","background-attachment":"scroll","background-type":"","background-media":"","overlay-type":"","overlay-color":"","overlay-opacity":"","overlay-gradient":""}},"ast-content-background-meta":{"desktop":{"background-color":"var(--ast-global-color-4)","background-image":"","background-repeat":"repeat","background-position":"center center","background-size":"auto","background-attachment":"scroll","background-type":"","background-media":"","overlay-type":"","overlay-color":"","overlay-opacity":"","overlay-gradient":""},"tablet":{"background-color":"var(--ast-global-color-4)","background-image":"","background-repeat":"repeat","background-position":"center center","background-size":"auto","background-attachment":"scroll","background-type":"","background-media":"","overlay-type":"","overlay-color":"","overlay-opacity":"","overlay-gradient":""},"mobile":{"background-color":"var(--ast-global-color-4)","background-image":"","background-repeat":"repeat","background-position":"center center","background-size":"auto","background-attachment":"scroll","background-type":"","background-media":"","overlay-type":"","overlay-color":"","overlay-opacity":"","overlay-gradient":""}},"footnotes":""},"class_list":["post-16","page","type-page","status-publish","hentry"],"_links":{"self":[{"href":"https:\/\/varityskuvat.fi\/index.php?rest_route=\/wp\/v2\/pages\/16","targetHints":{"allow":["GET"]}}],"collection":[{"href":"https:\/\/varityskuvat.fi\/index.php?rest_route=\/wp\/v2\/pages"}],"about":[{"href":"https:\/\/varityskuvat.fi\/index.php?rest_route=\/wp\/v2\/types\/page"}],"author":[{"embeddable":true,"href":"https:\/\/varityskuvat.fi\/index.php?rest_route=\/wp\/v2\/users\/1"}],"replies":[{"embeddable":true,"href":"https:\/\/varityskuvat.fi\/index.php?rest_route=%2Fwp%2Fv2%2Fcomments&post=16"}],"version-history":[{"count":4,"href":"https:\/\/varityskuvat.fi\/index.php?rest_route=\/wp\/v2\/pages\/16\/revisions"}],"predecessor-version":[{"id":33,"href":"https:\/\/varityskuvat.fi\/index.php?rest_route=\/wp\/v2\/pages\/16\/revisions\/33"}],"wp:attachment":[{"href":"https:\/\/varityskuvat.fi\/index.php?rest_route=%2Fwp%2Fv2%2Fmedia&parent=16"}],"curies":[{"name":"wp","href":"https:\/\/api.w.org\/{rel}","templated":true}]}}